{"id":417,"date":"2024-11-05T12:26:17","date_gmt":"2024-11-05T12:26:17","guid":{"rendered":"https:\/\/envato.bdevs.net\/reallow\/?page_id=417"},"modified":"2025-01-12T00:26:53","modified_gmt":"2025-01-12T00:26:53","slug":"faq","status":"publish","type":"page","link":"https:\/\/proyectosverticales.com\/es_mx\/faq\/","title":{"rendered":"Faq"},"content":{"rendered":"<div data-elementor-type=\"wp-page\" data-elementor-id=\"417\" class=\"elementor elementor-417\">\n\t\t\t\t<div class=\"elementor-element elementor-element-9abf51b e-flex e-con-boxed e-con e-parent\" data-id=\"9abf51b\" data-element_type=\"container\" data-e-type=\"container\">\n\t\t\t\t\t<div class=\"e-con-inner\">\n\t\t<div class=\"elementor-element elementor-element-2c6c6fe e-con-full e-flex e-con e-child\" data-id=\"2c6c6fe\" data-element_type=\"container\" data-e-type=\"container\">\n\t\t\t\t<div class=\"elementor-element elementor-element-73b2f7d elementor-widget elementor-widget-bdevs-el-heading generic-elements bdevs-el-heading\" data-id=\"73b2f7d\" data-element_type=\"widget\" data-e-type=\"widget\" data-settings=\"{&quot;designs&quot;:&quot;design_1&quot;}\" data-widget_type=\"bdevs-el-heading.default\">\n\t\t\t\t<div class=\"elementor-widget-container\">\n\t\t\t\t\t\r\n\r\n        \r\n            <div class=\"section-title-wrapper anim-wrapper animation-style-3\">\r\n                                    <span class=\"section-subtitle bdevs-el-subtitle uppercase\">\r\n                         <i class=\"icon-home\"><\/i> faqs                    <\/span>\r\n                                <h2 class=\"elementor-inline-editing section-title title-animation bdevs-el-title\" data-elementor-setting-key=\"title\">Preguntas m\u00e1s recientes<\/h2>                            <\/div>\r\n\r\n        \r\n\t\t\t\t<\/div>\n\t\t\t\t<\/div>\n\t\t\t\t<\/div>\n\t\t<div class=\"elementor-element elementor-element-3cd77fe e-con-full e-flex e-con e-child\" data-id=\"3cd77fe\" data-element_type=\"container\" data-e-type=\"container\">\n\t\t\t\t<div class=\"elementor-element elementor-element-9aa8915 elementor-widget elementor-widget-generic-el-faq generic-elements generic-el-faq\" data-id=\"9aa8915\" data-element_type=\"widget\" data-e-type=\"widget\" data-widget_type=\"generic-el-faq.default\">\n\t\t\t\t<div class=\"elementor-widget-container\">\n\t\t\t\t\t        <div class=\"generice-el-faq-wrapper accordion-wrapper faq-style-3 wow bdFadeInUp\">\r\n            <div class=\"accordion\" id=\"accordion_id\">\r\n                                    <div class=\"accordion-item\">\r\n                        <h2 class=\"accordion-header\" id=\"accordion_id-heading-1\">\r\n                            <button class=\"accordion-button generic-el-title\" type=\"button\" data-bs-toggle=\"collapse\" data-bs-target=\"#accordion_id-collapse-1\" aria-expanded=\"true\" aria-controls=\"accordion_id-collapse-1\">\r\n                                <span>Q1:<\/span> \u00bfQu\u00e9 es una inversi\u00f3n de preventa en un edificio de departamentos?                            <\/button>\r\n                        <\/h2>\r\n                        <div id=\"accordion_id-collapse-1\" class=\"accordion-collapse collapse show\" aria-labelledby=\"accordion_id-heading-1\" data-bs-parent=\"#accordion_id\">\r\n                            <div class=\"accordion-body generic-el-desc\">\r\n                                <p>Una inversi\u00f3n de preventa se refiere a la compra de una propiedad antes de que est\u00e9 totalmente construida o terminada. Se est\u00e1 invirtiendo en el valor futuro de la propiedad, a menudo a un precio inferior en comparaci\u00f3n con el valor de mercado una vez finalizada la construcci\u00f3n.<\/p>                            <\/div>\r\n                        <\/div>\r\n                    <\/div>\r\n                                    <div class=\"accordion-item\">\r\n                        <h2 class=\"accordion-header\" id=\"accordion_id-heading-2\">\r\n                            <button class=\"accordion-button generic-el-title collapsed\" type=\"button\" data-bs-toggle=\"collapse\" data-bs-target=\"#accordion_id-collapse-2\" aria-expanded=\"true\" aria-controls=\"accordion_id-collapse-2\">\r\n                                <span>Q2:<\/span> \u00bfCu\u00e1les son las ventajas de invertir en un edificio de departamentos durante la preventa?                            <\/button>\r\n                        <\/h2>\r\n                        <div id=\"accordion_id-collapse-2\" class=\"accordion-collapse collapse\" aria-labelledby=\"accordion_id-heading-2\" data-bs-parent=\"#accordion_id\">\r\n                            <div class=\"accordion-body generic-el-desc\">\r\n                                <p>Las principales ventajas son la obtenci\u00f3n de una propiedad a un precio m\u00e1s bajo, el potencial de revalorizaci\u00f3n del capital y la posibilidad de personalizar ciertas caracter\u00edsticas de la propiedad. Adem\u00e1s, las inversiones de preventa ofrecen la oportunidad de invertir en zonas en desarrollo con un fuerte potencial de crecimiento.<\/p>                            <\/div>\r\n                        <\/div>\r\n                    <\/div>\r\n                                    <div class=\"accordion-item\">\r\n                        <h2 class=\"accordion-header\" id=\"accordion_id-heading-3\">\r\n                            <button class=\"accordion-button generic-el-title collapsed\" type=\"button\" data-bs-toggle=\"collapse\" data-bs-target=\"#accordion_id-collapse-3\" aria-expanded=\"true\" aria-controls=\"accordion_id-collapse-3\">\r\n                                <span>Q3:<\/span> \u00bfC\u00f3mo funciona el financiamiento de las inversiones en preventa?                            <\/button>\r\n                        <\/h2>\r\n                        <div id=\"accordion_id-collapse-3\" class=\"accordion-collapse collapse\" aria-labelledby=\"accordion_id-heading-3\" data-bs-parent=\"#accordion_id\">\r\n                            <div class=\"accordion-body generic-el-desc\">\r\n                                <p>Las opciones de financiamiento pueden variar, pero normalmente los inversores tienen que pagar un dep\u00f3sito m\u00ednimo por adelantado y luego se crean diferentes planes de pago a meses sin intereses hasta que la propiedad est\u00e9 terminada.<\/p>                            <\/div>\r\n                        <\/div>\r\n                    <\/div>\r\n                                    <div class=\"accordion-item\">\r\n                        <h2 class=\"accordion-header\" id=\"accordion_id-heading-4\">\r\n                            <button class=\"accordion-button generic-el-title collapsed\" type=\"button\" data-bs-toggle=\"collapse\" data-bs-target=\"#accordion_id-collapse-4\" aria-expanded=\"true\" aria-controls=\"accordion_id-collapse-4\">\r\n                                <span>Q4:<\/span>\u00bfCu\u00e1ndo puedo esperar ver el rendimiento de mi inversi\u00f3n?                            <\/button>\r\n                        <\/h2>\r\n                        <div id=\"accordion_id-collapse-4\" class=\"accordion-collapse collapse\" aria-labelledby=\"accordion_id-heading-4\" data-bs-parent=\"#accordion_id\">\r\n                            <div class=\"accordion-body generic-el-desc\">\r\n                                <p>El rendimiento de las inversiones en preventa suele llegar cuando el edificio est\u00e1 terminado, alquilado o vendido. Esto puede llevar de 3 a 4 a\u00f1os, dependiendo del calendario del proyecto y de las condiciones del mercado. La revalorizaci\u00f3n de la propiedad y los ingresos por alquiler tambi\u00e9n pueden proporcionar beneficios una vez que el edificio est\u00e9 en funcionamiento.<\/p>                            <\/div>\r\n                        <\/div>\r\n                    <\/div>\r\n                            <\/div>\r\n        <\/div>\r\n\t\t\t\t<\/div>\n\t\t\t\t<\/div>\n\t\t\t\t<\/div>\n\t\t\t\t\t<\/div>\n\t\t\t\t<\/div>\n\t\t\t\t<\/div>","protected":false},"excerpt":{"rendered":"<p>faqs Frequently asked question Q1: What is a presale investment in an apartment building? A presale investment refers to purchasing a property before it is fully built or completed. You are investing in the future value of the property, often at a lower price compared to the market value once construction is finished. Q2: What [&hellip;]<\/p>\n","protected":false},"author":1,"featured_media":0,"parent":0,"menu_order":0,"comment_status":"closed","ping_status":"closed","template":"elementor_header_footer","meta":{"googlesitekit_rrm_CAow_I_eCw:productID":"","_monsterinsights_skip_tracking":false,"_monsterinsights_sitenote_active":false,"_monsterinsights_sitenote_note":"","_monsterinsights_sitenote_category":0,"footnotes":""},"class_list":["post-417","page","type-page","status-publish","hentry"],"aioseo_notices":[],"_links":{"self":[{"href":"https:\/\/proyectosverticales.com\/es_mx\/wp-json\/wp\/v2\/pages\/417","targetHints":{"allow":["GET"]}}],"collection":[{"href":"https:\/\/proyectosverticales.com\/es_mx\/wp-json\/wp\/v2\/pages"}],"about":[{"href":"https:\/\/proyectosverticales.com\/es_mx\/wp-json\/wp\/v2\/types\/page"}],"author":[{"embeddable":true,"href":"https:\/\/proyectosverticales.com\/es_mx\/wp-json\/wp\/v2\/users\/1"}],"replies":[{"embeddable":true,"href":"https:\/\/proyectosverticales.com\/es_mx\/wp-json\/wp\/v2\/comments?post=417"}],"version-history":[{"count":3,"href":"https:\/\/proyectosverticales.com\/es_mx\/wp-json\/wp\/v2\/pages\/417\/revisions"}],"predecessor-version":[{"id":2332,"href":"https:\/\/proyectosverticales.com\/es_mx\/wp-json\/wp\/v2\/pages\/417\/revisions\/2332"}],"wp:attachment":[{"href":"https:\/\/proyectosverticales.com\/es_mx\/wp-json\/wp\/v2\/media?parent=417"}],"curies":[{"name":"wp","href":"https:\/\/api.w.org\/{rel}","templated":true}]}}