{"id":483,"date":"2024-11-06T07:23:50","date_gmt":"2024-11-06T07:23:50","guid":{"rendered":"https:\/\/envato.bdevs.net\/reallow\/?page_id=483"},"modified":"2025-07-22T10:07:46","modified_gmt":"2025-07-22T10:07:46","slug":"terms-and-conditions","status":"publish","type":"page","link":"https:\/\/proyectosverticales.com\/es_mx\/terms-and-conditions\/","title":{"rendered":"T\u00e9rminos y Condiciones"},"content":{"rendered":"<div data-elementor-type=\"wp-page\" data-elementor-id=\"483\" class=\"elementor elementor-483\">\n\t\t\t\t<div class=\"elementor-element elementor-element-997de64 e-flex e-con-boxed e-con e-parent\" data-id=\"997de64\" data-element_type=\"container\" data-e-type=\"container\">\n\t\t\t\t\t<div class=\"e-con-inner\">\n\t\t\t\t<div class=\"elementor-element elementor-element-ff5db89 elementor-widget elementor-widget-html\" data-id=\"ff5db89\" data-element_type=\"widget\" data-e-type=\"widget\" data-widget_type=\"html.default\">\n\t\t\t\t<div class=\"elementor-widget-container\">\n\t\t\t\t\t<div class=\"policy-wrapper policy-translate p-relative z-index-1\">\r\n    <div class=\"policy-item\">\r\n        <h4 class=\"policy-title\">Introducci\u00f3n<\/h4>\r\n        <p>Estos T\u00e9rminos y Condiciones regulan el uso de los servicios inmobiliarios prestados por Proyectos Verticales. Al utilizar mis servicios, usted acepta cumplir con estos t\u00e9rminos. Por favor l\u00e9alos cuidadosamente.<\/p>\r\n    <\/div>\r\n\r\n    <div class=\"policy-item\">\r\n        <h4 class=\"policy-title\">Servicios Prestados<\/h4>\r\n        <p>Proyectos Verticales ofrece servicios de intermediaci\u00f3n inmobiliaria y otros servicios relacionados.<\/p>\r\n    <\/div>\r\n\r\n    <div class=\"policy-item\">\r\n        <h4 class=\"policy-title\">Responsabilidades del Cliente<\/h4>\r\n        <ul>\r\n            <li><b>Exactitud de la Informaci\u00f3n:<\/b> Usted acepta que toda la informaci\u00f3n proporcionada a Proyectos Verticales, ya sea directamente o a trav\u00e9s de mi plataforma, es exacta y actualizada.<\/li>\r\n          \r\n    <\/div>\r\n\r\n    <div class=\"policy-item\">\r\n        <h4 class=\"policy-title\">Uso de la Informaci\u00f3n<\/h4>\r\n        <ul>\r\n            <li><b>Confidencialidad:<\/b> Proyectos Verticales tratar\u00e1 toda la informaci\u00f3n del cliente con estricta confidencialidad.<\/li>\r\n        <\/ul>\r\n    <\/div>\r\n\r\n    <div class=\"policy-item\">\r\n        <h4 class=\"policy-title\">Limitaci\u00f3n de Responsabilidad<\/h4>\r\n        <ul>\r\n            <li><b>Descargo de responsabilidad:<\/b> Proyectos Verticales no ofrece ninguna garant\u00eda o representaci\u00f3n sobre la exactitud o integridad de cualquier informaci\u00f3n proporcionada a trav\u00e9s de mis Servicios.<\/li>\r\n            <li><b>Indemnizacion:<\/b> Usted acepta indemnizar y mantener a Proyectos Verticales indemne de cualquier reclamo, p\u00e9rdida o da\u00f1o que surja de su uso de nuestros Servicios o cualquier incumplimiento de estos T\u00e9rminos y Condiciones.<\/li>\r\n        <\/ul>\r\n    <\/div>\r\n    <div class=\"policy-item\">\r\n        <h4 class=\"policy-title\">Terminaci\u00f3n<\/h4>\r\n        <ul>\r\n            <li><b>Terminaci\u00f3n por Usted:<\/b> Usted puede terminar el uso de mis Servicios en cualquier momento proporcion\u00e1ndome una notificaci\u00f3n por escrito.<\/li>\r\n     \r\n    <\/div>\r\n\r\n    <div class=\"policy-contact\">\r\n        <h4 class=\"policy-title\">Informaci\u00f3n de contacto<\/h4>\r\n        <p class=\"mb-10\">Si tiene alguna pregunta o duda sobre estos T\u00e9rminos y Condiciones, p\u00f3ngase en contacto conmigo en<\/p>\r\n\r\n        <ul>\r\n            <li>Email: <span><a href=\"mailto:contact@Reallow.com\">hola@proyectosverticales.com<\/a><\/span><\/li>\r\n        <\/ul>\r\n\r\n        <div class=\"policy-address\">\r\n            <p class=\"mb-0\">\r\n                <a href=\"#\">C. Bah\u00eda de las Islas 3616, 64834 Monterrey, N.L.<\/a>\r\n            <\/p>\r\n        <\/div>\r\n    <\/div>\r\n<\/div>\t\t\t\t<\/div>\n\t\t\t\t<\/div>\n\t\t\t\t\t<\/div>\n\t\t\t\t<\/div>\n\t\t\t\t<\/div>","protected":false},"excerpt":{"rendered":"<p>Introduction These Terms and Conditions govern the use of the real estate services provided by Proyectos Verticales. By using my services, you agree to comply with these terms. Please read them carefully. Services Provided Proyectos Verticales offers real estate brokerage services and other related services. Client Responsibilities Accuracy of Information: You agree that all information [&hellip;]<\/p>\n","protected":false},"author":1,"featured_media":0,"parent":0,"menu_order":0,"comment_status":"closed","ping_status":"closed","template":"elementor_header_footer","meta":{"googlesitekit_rrm_CAow_I_eCw:productID":"","_monsterinsights_skip_tracking":false,"_monsterinsights_sitenote_active":false,"_monsterinsights_sitenote_note":"","_monsterinsights_sitenote_category":0,"footnotes":""},"class_list":["post-483","page","type-page","status-publish","hentry"],"aioseo_notices":[],"_links":{"self":[{"href":"https:\/\/proyectosverticales.com\/es_mx\/wp-json\/wp\/v2\/pages\/483","targetHints":{"allow":["GET"]}}],"collection":[{"href":"https:\/\/proyectosverticales.com\/es_mx\/wp-json\/wp\/v2\/pages"}],"about":[{"href":"https:\/\/proyectosverticales.com\/es_mx\/wp-json\/wp\/v2\/types\/page"}],"author":[{"embeddable":true,"href":"https:\/\/proyectosverticales.com\/es_mx\/wp-json\/wp\/v2\/users\/1"}],"replies":[{"embeddable":true,"href":"https:\/\/proyectosverticales.com\/es_mx\/wp-json\/wp\/v2\/comments?post=483"}],"version-history":[{"count":21,"href":"https:\/\/proyectosverticales.com\/es_mx\/wp-json\/wp\/v2\/pages\/483\/revisions"}],"predecessor-version":[{"id":5072,"href":"https:\/\/proyectosverticales.com\/es_mx\/wp-json\/wp\/v2\/pages\/483\/revisions\/5072"}],"wp:attachment":[{"href":"https:\/\/proyectosverticales.com\/es_mx\/wp-json\/wp\/v2\/media?parent=483"}],"curies":[{"name":"wp","href":"https:\/\/api.w.org\/{rel}","templated":true}]}}