{"id":488,"date":"2024-11-06T08:51:30","date_gmt":"2024-11-06T08:51:30","guid":{"rendered":"https:\/\/envato.bdevs.net\/reallow\/?page_id=488"},"modified":"2025-01-11T23:51:46","modified_gmt":"2025-01-11T23:51:46","slug":"testimonial","status":"publish","type":"page","link":"https:\/\/proyectosverticales.com\/es_mx\/testimonial\/","title":{"rendered":"Testimonios"},"content":{"rendered":"<div data-elementor-type=\"wp-page\" data-elementor-id=\"488\" class=\"elementor elementor-488\">\n\t\t\t\t<div class=\"elementor-element elementor-element-6b35f92 theme-bg-primary e-flex e-con-boxed e-con e-parent\" data-id=\"6b35f92\" data-element_type=\"container\" data-e-type=\"container\">\n\t\t\t\t\t<div class=\"e-con-inner\">\n\t\t\t\t<div class=\"elementor-element elementor-element-71af06a elementor-widget elementor-widget-bdevs-el-testimonial-slider generic-elements bdevs-el-testimonial-slider\" data-id=\"71af06a\" data-element_type=\"widget\" data-e-type=\"widget\" data-settings=\"{&quot;designs&quot;:&quot;design_1&quot;}\" data-widget_type=\"bdevs-el-testimonial-slider.default\">\n\t\t\t\t<div class=\"elementor-widget-container\">\n\t\t\t\t\t\r\n        \r\n            <!-- testimonial area -->\r\n            <div class=\"review-area\">\r\n                <div class=\"row g-5\">\r\n                                            <div class=\"col-xl-4 col-lg-6\">\r\n                            <div class=\"testimonials-item style-one bdevs-el-box\">\r\n                                <div class=\"content\">\r\n                                    <div class=\"title-inner\">\r\n                                        <span>\r\n                                            <svg width=\"21\" height=\"15\" viewbox=\"0 0 21 15\" fill=\"none\"\r\n                                                xmlns=\"http:\/\/www.w3.org\/2000\/svg\">\r\n                                                <path\r\n                                                    d=\"M4.395 5.75C5.26029 5.75 6.10615 6.00659 6.82562 6.48732C7.54508 6.96805 8.10584 7.65133 8.43697 8.45076C8.76811 9.25019 8.85474 10.1299 8.68594 10.9785C8.51712 11.8272 8.10045 12.6067 7.48859 13.2186C6.87674 13.8304 6.09719 14.2471 5.24852 14.4159C4.39985 14.5847 3.52019 14.4981 2.72076 14.167C1.92133 13.8358 1.23805 13.2751 0.75732 12.5556C0.276589 11.8362 0.02 10.9903 0.02 10.125L0 9.5C0 7.17936 0.921872 4.95376 2.56282 3.31282C4.20376 1.67187 6.42936 0.75 8.75 0.75V3.25C7.92888 3.24779 7.11546 3.40839 6.35679 3.7225C5.59812 4.03661 4.90925 4.498 4.33 5.08C4.10487 5.30471 3.89718 5.54624 3.70875 5.8025C3.9325 5.7675 4.16125 5.74875 4.39375 5.74875L4.395 5.75ZM15.645 5.75C16.5103 5.75 17.3562 6.00659 18.0756 6.48732C18.7951 6.96805 19.3558 7.65133 19.687 8.45076C20.0181 9.25019 20.1047 10.1299 19.9359 10.9785C19.7671 11.8272 19.3504 12.6067 18.7386 13.2186C18.1267 13.8304 17.3472 14.2471 16.4985 14.4159C15.6499 14.5847 14.7702 14.4981 13.9708 14.167C13.1713 13.8358 12.488 13.2751 12.0073 12.5556C11.5266 11.8362 11.27 10.9903 11.27 10.125L11.25 9.5C11.25 7.17936 12.1719 4.95376 13.8128 3.31282C15.4538 1.67187 17.6794 0.75 20 0.75V3.25C19.1789 3.24779 18.3655 3.40839 17.6068 3.7225C16.8481 4.03661 16.1592 4.498 15.58 5.08C15.3549 5.30471 15.1472 5.54624 14.9587 5.8025C15.1825 5.7675 15.4112 5.75 15.645 5.75Z\"\r\n                                                    fill=\"#ED6E5A\" \/>\r\n                                            <\/svg>\r\n                                        <\/span>\r\n                                                                                    <h3 class=\"title\">Excelente servicio!<\/h3>\r\n                                                                            <\/div>\r\n\r\n                                                                            <p class=\"bdevs-el-desc description\">\r\n                                            Excelente servicio, toda mi confianza a Estephania Gonz\u00e1lez. \u00a1Es muy profesional! \u00a1Muchas gracias por todo el apoyo con mi propiedad!                                        <\/p>\r\n                                                                    <\/div>\r\n                                <div class=\"admin-item\">\r\n                                                                            <div class=\"admin-thumbnail bdevs-el-image\">\r\n                                            <img decoding=\"async\" src=\"https:\/\/proyectosverticales.com\/wp-content\/uploads\/2025\/01\/PROYECTOS-VERTICALES-150x150.webp\" alt=\"PROYECTOS VERTICALES\">\r\n                                        <\/div>\r\n                                    \r\n                                    <div class=\"admin-info\">\r\n                                                                                    <h4 class=\"admin-name bdevs-el-author\">\r\n                                                Felipe Heras                                            <\/h4>\r\n                                        \r\n                                                                                    <span class=\"bdevs-el-job admin-designation\">\r\n                                                Cliente satisfecho                                            <\/span>\r\n                                                                            <\/div>\r\n                                <\/div>\r\n                            <\/div>\r\n                        <\/div>\r\n                                            <div class=\"col-xl-4 col-lg-6\">\r\n                            <div class=\"testimonials-item style-one bdevs-el-box\">\r\n                                <div class=\"content\">\r\n                                    <div class=\"title-inner\">\r\n                                        <span>\r\n                                            <svg width=\"21\" height=\"15\" viewbox=\"0 0 21 15\" fill=\"none\"\r\n                                                xmlns=\"http:\/\/www.w3.org\/2000\/svg\">\r\n                                                <path\r\n                                                    d=\"M4.395 5.75C5.26029 5.75 6.10615 6.00659 6.82562 6.48732C7.54508 6.96805 8.10584 7.65133 8.43697 8.45076C8.76811 9.25019 8.85474 10.1299 8.68594 10.9785C8.51712 11.8272 8.10045 12.6067 7.48859 13.2186C6.87674 13.8304 6.09719 14.2471 5.24852 14.4159C4.39985 14.5847 3.52019 14.4981 2.72076 14.167C1.92133 13.8358 1.23805 13.2751 0.75732 12.5556C0.276589 11.8362 0.02 10.9903 0.02 10.125L0 9.5C0 7.17936 0.921872 4.95376 2.56282 3.31282C4.20376 1.67187 6.42936 0.75 8.75 0.75V3.25C7.92888 3.24779 7.11546 3.40839 6.35679 3.7225C5.59812 4.03661 4.90925 4.498 4.33 5.08C4.10487 5.30471 3.89718 5.54624 3.70875 5.8025C3.9325 5.7675 4.16125 5.74875 4.39375 5.74875L4.395 5.75ZM15.645 5.75C16.5103 5.75 17.3562 6.00659 18.0756 6.48732C18.7951 6.96805 19.3558 7.65133 19.687 8.45076C20.0181 9.25019 20.1047 10.1299 19.9359 10.9785C19.7671 11.8272 19.3504 12.6067 18.7386 13.2186C18.1267 13.8304 17.3472 14.2471 16.4985 14.4159C15.6499 14.5847 14.7702 14.4981 13.9708 14.167C13.1713 13.8358 12.488 13.2751 12.0073 12.5556C11.5266 11.8362 11.27 10.9903 11.27 10.125L11.25 9.5C11.25 7.17936 12.1719 4.95376 13.8128 3.31282C15.4538 1.67187 17.6794 0.75 20 0.75V3.25C19.1789 3.24779 18.3655 3.40839 17.6068 3.7225C16.8481 4.03661 16.1592 4.498 15.58 5.08C15.3549 5.30471 15.1472 5.54624 14.9587 5.8025C15.1825 5.7675 15.4112 5.75 15.645 5.75Z\"\r\n                                                    fill=\"#ED6E5A\" \/>\r\n                                            <\/svg>\r\n                                        <\/span>\r\n                                                                                    <h3 class=\"title\">Muy contento!<\/h3>\r\n                                                                            <\/div>\r\n\r\n                                                                            <p class=\"bdevs-el-desc description\">\r\n                                            Excelente! Estephania me ayudo bastante en mi inversi\u00f3n en Tulum y estoy muy feliz porqu\u00e9 en dos a\u00f1os obtuve 200% de plusval\u00eda, muy recomendada!                                        <\/p>\r\n                                                                    <\/div>\r\n                                <div class=\"admin-item\">\r\n                                                                            <div class=\"admin-thumbnail bdevs-el-image\">\r\n                                            <img decoding=\"async\" src=\"https:\/\/proyectosverticales.com\/wp-content\/uploads\/2025\/01\/PROYECTOS-VERTICALES-9-150x150.webp\" alt=\"PROYECTOS VERTICALES\">\r\n                                        <\/div>\r\n                                    \r\n                                    <div class=\"admin-info\">\r\n                                                                                    <h4 class=\"admin-name bdevs-el-author\">\r\n                                                Alfredo Gonzalez                                            <\/h4>\r\n                                        \r\n                                                                                    <span class=\"bdevs-el-job admin-designation\">\r\n                                                Cliente satisfecho                                            <\/span>\r\n                                                                            <\/div>\r\n                                <\/div>\r\n                            <\/div>\r\n                        <\/div>\r\n                                    <\/div>\r\n            <\/div>\r\n\r\n\r\n\r\n\r\n        \t\t\t\t<\/div>\n\t\t\t\t<\/div>\n\t\t\t\t\t<\/div>\n\t\t\t\t<\/div>\n\t\t\t\t<\/div>","protected":false},"excerpt":{"rendered":"<p>Excellent service! All my confidence to Estephania Gonz\u00e1lez. She\u00b4s very professional! Thank you very much for all the support with my property! Felipe Heras Happy Buyer Proudly happy! Excellent, Estephania helped me a lot with an investment in Tulum and im proudly happy because in just two years I earned 200% of property value, very [&hellip;]<\/p>\n","protected":false},"author":1,"featured_media":0,"parent":0,"menu_order":0,"comment_status":"closed","ping_status":"closed","template":"elementor_header_footer","meta":{"googlesitekit_rrm_CAow_I_eCw:productID":"","_monsterinsights_skip_tracking":false,"_monsterinsights_sitenote_active":false,"_monsterinsights_sitenote_note":"","_monsterinsights_sitenote_category":0,"footnotes":""},"class_list":["post-488","page","type-page","status-publish","hentry"],"aioseo_notices":[],"_links":{"self":[{"href":"https:\/\/proyectosverticales.com\/es_mx\/wp-json\/wp\/v2\/pages\/488","targetHints":{"allow":["GET"]}}],"collection":[{"href":"https:\/\/proyectosverticales.com\/es_mx\/wp-json\/wp\/v2\/pages"}],"about":[{"href":"https:\/\/proyectosverticales.com\/es_mx\/wp-json\/wp\/v2\/types\/page"}],"author":[{"embeddable":true,"href":"https:\/\/proyectosverticales.com\/es_mx\/wp-json\/wp\/v2\/users\/1"}],"replies":[{"embeddable":true,"href":"https:\/\/proyectosverticales.com\/es_mx\/wp-json\/wp\/v2\/comments?post=488"}],"version-history":[{"count":6,"href":"https:\/\/proyectosverticales.com\/es_mx\/wp-json\/wp\/v2\/pages\/488\/revisions"}],"predecessor-version":[{"id":2303,"href":"https:\/\/proyectosverticales.com\/es_mx\/wp-json\/wp\/v2\/pages\/488\/revisions\/2303"}],"wp:attachment":[{"href":"https:\/\/proyectosverticales.com\/es_mx\/wp-json\/wp\/v2\/media?parent=488"}],"curies":[{"name":"wp","href":"https:\/\/api.w.org\/{rel}","templated":true}]}}